{"id":4,"date":"2017-02-03T00:10:55","date_gmt":"2017-02-03T00:10:55","guid":{"rendered":"http:\/\/themenectar.com\/demo\/salient-restaurant\/?page_id=4"},"modified":"2026-01-23T12:15:33","modified_gmt":"2026-01-23T12:15:33","slug":"restaurant-home-page","status":"publish","type":"page","link":"https:\/\/mfgrill.se\/","title":{"rendered":"Startsida"},"content":{"rendered":"[vc_row type=&#8221;full_width_background&#8221; full_screen_row_position=&#8221;middle&#8221; column_margin=&#8221;default&#8221; column_direction=&#8221;default&#8221; column_direction_tablet=&#8221;default&#8221; column_direction_phone=&#8221;default&#8221; bg_image=&#8221;919&#8243; bg_position=&#8221;center center&#8221; background_image_loading=&#8221;default&#8221; bg_repeat=&#8221;no-repeat&#8221; scene_position=&#8221;center&#8221; top_padding=&#8221;4%&#8221; bottom_padding=&#8221;4%&#8221; text_color=&#8221;dark&#8221; text_align=&#8221;left&#8221; row_border_radius=&#8221;none&#8221; row_border_radius_applies=&#8221;bg&#8221; overflow=&#8221;visible&#8221; id=&#8221;dagenslunch&#8221; overlay_strength=&#8221;0.3&#8243; gradient_direction=&#8221;left_to_right&#8221; shape_divider_position=&#8221;bottom&#8221; bg_image_animation=&#8221;none&#8221; parallax_bg=&#8221;true&#8221; parallax_bg_speed=&#8221;medium&#8221; shape_type=&#8221;&#8221;][vc_column column_padding=&#8221;no-extra-padding&#8221; column_padding_tablet=&#8221;inherit&#8221; column_padding_phone=&#8221;inherit&#8221; column_padding_position=&#8221;all&#8221; column_element_direction_desktop=&#8221;default&#8221; column_element_spacing=&#8221;default&#8221; desktop_text_alignment=&#8221;default&#8221; tablet_text_alignment=&#8221;default&#8221; phone_text_alignment=&#8221;default&#8221; background_color_opacity=&#8221;1&#8243; background_hover_color_opacity=&#8221;1&#8243; column_backdrop_filter=&#8221;none&#8221; column_shadow=&#8221;none&#8221; column_border_radius=&#8221;none&#8221; column_link_target=&#8221;_self&#8221; column_position=&#8221;default&#8221; gradient_direction=&#8221;left_to_right&#8221; overlay_strength=&#8221;0.3&#8243; width=&#8221;1\/1&#8243; tablet_width_inherit=&#8221;default&#8221; animation_type=&#8221;default&#8221; bg_image_animation=&#8221;none&#8221; border_type=&#8221;simple&#8221; column_border_width=&#8221;none&#8221; column_border_style=&#8221;solid&#8221;][vc_row_inner column_margin=&#8221;default&#8221; column_direction=&#8221;default&#8221; column_direction_tablet=&#8221;default&#8221; column_direction_phone=&#8221;default&#8221; text_align=&#8221;left&#8221; row_position=&#8221;default&#8221; row_position_tablet=&#8221;inherit&#8221; row_position_phone=&#8221;inherit&#8221; overflow=&#8221;visible&#8221; pointer_events=&#8221;all&#8221;][vc_column_inner column_padding=&#8221;no-extra-padding&#8221; column_padding_tablet=&#8221;inherit&#8221; column_padding_phone=&#8221;inherit&#8221; column_padding_position=&#8221;all&#8221; column_element_direction_desktop=&#8221;default&#8221; column_element_spacing=&#8221;default&#8221; desktop_text_alignment=&#8221;default&#8221; tablet_text_alignment=&#8221;default&#8221; phone_text_alignment=&#8221;default&#8221; background_color_opacity=&#8221;1&#8243; background_hover_color_opacity=&#8221;1&#8243; column_backdrop_filter=&#8221;none&#8221; column_shadow=&#8221;none&#8221; column_border_radius=&#8221;none&#8221; column_link_target=&#8221;_self&#8221; overflow=&#8221;visible&#8221; gradient_direction=&#8221;left_to_right&#8221; overlay_strength=&#8221;0.3&#8243; width=&#8221;1\/6&#8243; tablet_width_inherit=&#8221;default&#8221; animation_type=&#8221;default&#8221; bg_image_animation=&#8221;none&#8221; border_type=&#8221;simple&#8221; column_border_width=&#8221;none&#8221; column_border_style=&#8221;solid&#8221;][\/vc_column_inner][vc_column_inner column_padding=&#8221;padding-4-percent&#8221; column_padding_tablet=&#8221;inherit&#8221; column_padding_phone=&#8221;inherit&#8221; column_padding_position=&#8221;all&#8221; column_element_direction_desktop=&#8221;default&#8221; column_element_spacing=&#8221;default&#8221; desktop_text_alignment=&#8221;default&#8221; tablet_text_alignment=&#8221;default&#8221; phone_text_alignment=&#8221;default&#8221; background_color_opacity=&#8221;1&#8243; background_hover_color_opacity=&#8221;1&#8243; column_backdrop_filter=&#8221;none&#8221; column_shadow=&#8221;small_depth&#8221; column_border_radius=&#8221;none&#8221; column_link_target=&#8221;_self&#8221; overflow=&#8221;visible&#8221; boxed=&#8221;true&#8221; gradient_direction=&#8221;left_to_right&#8221; overlay_strength=&#8221;0.3&#8243; width=&#8221;2\/3&#8243; tablet_width_inherit=&#8221;default&#8221; animation_type=&#8221;default&#8221; bg_image_animation=&#8221;none&#8221; border_type=&#8221;simple&#8221; column_border_width=&#8221;2px&#8221; column_border_color=&#8221;#ed0000&#8243; column_border_style=&#8221;dotted&#8221; enable_border_animation=&#8221;true&#8221;][vc_column_text css_animation=&#8221;fadeIn&#8221; css=&#8221;.vc_custom_1653393446876{margin-bottom: 30px !important;}&#8221;]\n<h4><strong>Best\u00e4llningstelefon<br \/>\n0970 121 00<\/strong><\/h4>\n<p><strong style=\"font-size: 16px;\">Dagens Lunch 120 kr<br \/>\n<\/strong>[\/vc_column_text][nectar_food_menu_item style=&#8221;default&#8221; item_name_heading_tag=&#8221;h3&#8243; text=&#8221;$9&#8243; item_description=&#8221;- V.&#8221;][nectar_food_menu_item style=&#8221;default&#8221; item_name_heading_tag=&#8221;h4&#8243; item_name=&#8221;M\u00e5ndag&#8221; item_description=&#8221;-&#8221;][nectar_food_menu_item style=&#8221;default&#8221; item_name_heading_tag=&#8221;h4&#8243; item_name=&#8221;Tisdag&#8221; text=&#8221;$9&#8243; item_description=&#8221;- &#8221;] [nectar_food_menu_item style=&#8221;default&#8221; item_name_heading_tag=&#8221;h4&#8243; item_name=&#8221;Onsdag&#8221; text=&#8221;$9&#8243; item_description=&#8221;-&#8221;][nectar_food_menu_item style=&#8221;default&#8221; item_name_heading_tag=&#8221;h4&#8243; item_name=&#8221;Torsdag&#8221; text=&#8221;$9&#8243; item_description=&#8221;&#8221;][nectar_food_menu_item style=&#8221;default&#8221; item_name_heading_tag=&#8221;h4&#8243; item_name=&#8221;Fredag \ud83d\udc8b&#8221; text=&#8221;$9&#8243; item_description=&#8221;-&#8221;][nectar_food_menu_item style=&#8221;line_between&#8221; item_name_heading_tag=&#8221;h3&#8243; item_description=&#8221;V.&#8221;][nectar_food_menu_item style=&#8221;default&#8221; item_name_heading_tag=&#8221;h4&#8243; item_name=&#8221;M\u00e5ndag&#8221; item_description=&#8221;- &#8221;][nectar_food_menu_item style=&#8221;default&#8221; item_name_heading_tag=&#8221;h4&#8243; item_name=&#8221;Tisdag&#8221; item_description=&#8221;-][nectar_food_menu_item style=&#8221;default&#8221; item_name_heading_tag=&#8221;h4&#8243; item_name=&#8221;Onsdag&#8221; item_description=&#8221;-&#8221;][nectar_food_menu_item style=&#8221;default&#8221; item_name_heading_tag=&#8221;h4&#8243; item_name=&#8221;Torsdag&#8221; item_description=&#8221;-&#8221;][nectar_food_menu_item style=&#8221;default&#8221; item_name_heading_tag=&#8221;h4&#8243; item_name=&#8221;Fredag \ud83d\udc8b&#8221; item_description=&#8221;-&#8221;][\/vc_column_inner][vc_column_inner column_padding=&#8221;no-extra-padding&#8221; column_padding_tablet=&#8221;inherit&#8221; column_padding_phone=&#8221;inherit&#8221; column_padding_position=&#8221;all&#8221; column_element_direction_desktop=&#8221;default&#8221; column_element_spacing=&#8221;default&#8221; desktop_text_alignment=&#8221;default&#8221; tablet_text_alignment=&#8221;default&#8221; phone_text_alignment=&#8221;default&#8221; background_color_opacity=&#8221;1&#8243; background_hover_color_opacity=&#8221;1&#8243; column_backdrop_filter=&#8221;none&#8221; column_shadow=&#8221;none&#8221; column_border_radius=&#8221;none&#8221; column_link_target=&#8221;_self&#8221; overflow=&#8221;visible&#8221; gradient_direction=&#8221;left_to_right&#8221; overlay_strength=&#8221;0.3&#8243; width=&#8221;1\/6&#8243; tablet_width_inherit=&#8221;default&#8221; animation_type=&#8221;default&#8221; bg_image_animation=&#8221;none&#8221; border_type=&#8221;simple&#8221; column_border_width=&#8221;none&#8221; column_border_style=&#8221;solid&#8221;][\/vc_column_inner][\/vc_row_inner][\/vc_column][\/vc_row][vc_row type=&#8221;full_width_content&#8221; full_screen_row_position=&#8221;middle&#8221; column_margin=&#8221;default&#8221; column_direction=&#8221;default&#8221; column_direction_tablet=&#8221;default&#8221; column_direction_phone=&#8221;default&#8221; scene_position=&#8221;center&#8221; text_color=&#8221;dark&#8221; text_align=&#8221;left&#8221; row_border_radius=&#8221;none&#8221; row_border_radius_applies=&#8221;bg&#8221; overflow=&#8221;visible&#8221; id=&#8221;hittahit&#8221; overlay_strength=&#8221;0.3&#8243; gradient_direction=&#8221;left_to_right&#8221; shape_divider_position=&#8221;bottom&#8221; bg_image_animation=&#8221;none&#8221; shape_type=&#8221;&#8221;][vc_column column_padding=&#8221;no-extra-padding&#8221; column_padding_tablet=&#8221;inherit&#8221; column_padding_phone=&#8221;inherit&#8221; column_padding_position=&#8221;all&#8221; column_element_direction_desktop=&#8221;default&#8221; column_element_spacing=&#8221;default&#8221; desktop_text_alignment=&#8221;default&#8221; tablet_text_alignment=&#8221;default&#8221; phone_text_alignment=&#8221;default&#8221; background_color_opacity=&#8221;1&#8243; background_hover_color_opacity=&#8221;1&#8243; column_backdrop_filter=&#8221;none&#8221; column_shadow=&#8221;none&#8221; column_border_radius=&#8221;none&#8221; column_link_target=&#8221;_self&#8221; column_position=&#8221;default&#8221; gradient_direction=&#8221;left_to_right&#8221; overlay_strength=&#8221;0.3&#8243; width=&#8221;1\/1&#8243; tablet_width_inherit=&#8221;default&#8221; animation_type=&#8221;default&#8221; bg_image_animation=&#8221;none&#8221; border_type=&#8221;simple&#8221; column_border_width=&#8221;none&#8221; column_border_style=&#8221;solid&#8221;][nectar_gmap map_type=&#8221;google&#8221; zoom=&#8221;16&#8243; enable_zoom=&#8221;1&#8243; marker_style=&#8221;default&#8221; nectar_marker_color=&#8221;accent-color&#8221; marker_animation=&#8221;1&#8243; size=&#8221;650&#8243; map_center_lat=&#8221;67.133112&#8243; map_center_lng=&#8221;20.664782&#8243; map_markers=&#8221;67.133891, 20.666542 | Schaktm\u00e4staregatan 5&#8243;][\/vc_column][\/vc_row][vc_row type=&#8221;full_width_background&#8221; full_screen_row_position=&#8221;middle&#8221; column_margin=&#8221;default&#8221; column_direction=&#8221;default&#8221; column_direction_tablet=&#8221;default&#8221; column_direction_phone=&#8221;default&#8221; bg_image=&#8221;919&#8243; bg_position=&#8221;center center&#8221; background_image_loading=&#8221;default&#8221; bg_repeat=&#8221;no-repeat&#8221; scene_position=&#8221;center&#8221; top_padding=&#8221;4%&#8221; bottom_padding=&#8221;4%&#8221; text_color=&#8221;dark&#8221; text_align=&#8221;left&#8221; row_border_radius=&#8221;none&#8221; row_border_radius_applies=&#8221;bg&#8221; overflow=&#8221;visible&#8221; id=&#8221;varmeny&#8221; overlay_strength=&#8221;0.3&#8243; gradient_direction=&#8221;left_to_right&#8221; shape_divider_position=&#8221;bottom&#8221; bg_image_animation=&#8221;none&#8221; parallax_bg=&#8221;true&#8221; parallax_bg_speed=&#8221;medium&#8221; shape_type=&#8221;&#8221;][vc_column column_padding=&#8221;no-extra-padding&#8221; column_padding_tablet=&#8221;inherit&#8221; column_padding_phone=&#8221;inherit&#8221; column_padding_position=&#8221;all&#8221; column_element_direction_desktop=&#8221;default&#8221; column_element_spacing=&#8221;default&#8221; desktop_text_alignment=&#8221;default&#8221; tablet_text_alignment=&#8221;default&#8221; phone_text_alignment=&#8221;default&#8221; background_color_opacity=&#8221;1&#8243; background_hover_color_opacity=&#8221;1&#8243; column_backdrop_filter=&#8221;none&#8221; column_shadow=&#8221;none&#8221; column_border_radius=&#8221;none&#8221; column_link_target=&#8221;_self&#8221; column_position=&#8221;default&#8221; gradient_direction=&#8221;left_to_right&#8221; overlay_strength=&#8221;0.3&#8243; width=&#8221;1\/1&#8243; tablet_width_inherit=&#8221;default&#8221; animation_type=&#8221;default&#8221; bg_image_animation=&#8221;none&#8221; border_type=&#8221;simple&#8221; column_border_width=&#8221;none&#8221; column_border_style=&#8221;solid&#8221;][vc_row_inner column_margin=&#8221;default&#8221; column_direction=&#8221;default&#8221; column_direction_tablet=&#8221;default&#8221; column_direction_phone=&#8221;default&#8221; text_align=&#8221;left&#8221; row_position=&#8221;default&#8221; row_position_tablet=&#8221;inherit&#8221; row_position_phone=&#8221;inherit&#8221; overflow=&#8221;visible&#8221; pointer_events=&#8221;all&#8221;][vc_column_inner column_padding=&#8221;no-extra-padding&#8221; column_padding_tablet=&#8221;inherit&#8221; column_padding_phone=&#8221;inherit&#8221; column_padding_position=&#8221;all&#8221; column_element_direction_desktop=&#8221;default&#8221; column_element_spacing=&#8221;default&#8221; desktop_text_alignment=&#8221;default&#8221; tablet_text_alignment=&#8221;default&#8221; phone_text_alignment=&#8221;default&#8221; background_color_opacity=&#8221;1&#8243; background_hover_color_opacity=&#8221;1&#8243; column_backdrop_filter=&#8221;none&#8221; column_shadow=&#8221;none&#8221; column_border_radius=&#8221;none&#8221; column_link_target=&#8221;_self&#8221; overflow=&#8221;visible&#8221; gradient_direction=&#8221;left_to_right&#8221; overlay_strength=&#8221;0.3&#8243; width=&#8221;1\/6&#8243; tablet_width_inherit=&#8221;default&#8221; animation_type=&#8221;default&#8221; bg_image_animation=&#8221;none&#8221; border_type=&#8221;simple&#8221; column_border_width=&#8221;none&#8221; column_border_style=&#8221;solid&#8221;][\/vc_column_inner][vc_column_inner column_padding=&#8221;padding-4-percent&#8221; column_padding_tablet=&#8221;inherit&#8221; column_padding_phone=&#8221;inherit&#8221; column_padding_position=&#8221;all&#8221; column_element_direction_desktop=&#8221;default&#8221; column_element_spacing=&#8221;default&#8221; desktop_text_alignment=&#8221;default&#8221; tablet_text_alignment=&#8221;default&#8221; phone_text_alignment=&#8221;default&#8221; background_color_opacity=&#8221;1&#8243; background_hover_color_opacity=&#8221;1&#8243; column_backdrop_filter=&#8221;none&#8221; column_shadow=&#8221;small_depth&#8221; column_border_radius=&#8221;none&#8221; column_link_target=&#8221;_self&#8221; overflow=&#8221;visible&#8221; boxed=&#8221;true&#8221; gradient_direction=&#8221;left_to_right&#8221; overlay_strength=&#8221;0.3&#8243; width=&#8221;2\/3&#8243; tablet_width_inherit=&#8221;default&#8221; animation_type=&#8221;default&#8221; bg_image_animation=&#8221;none&#8221; border_type=&#8221;simple&#8221; column_border_width=&#8221;2px&#8221; column_border_color=&#8221;#ed0000&#8243; column_border_style=&#8221;dotted&#8221; enable_border_animation=&#8221;true&#8221;][vc_column_text css_animation=&#8221;fadeIn&#8221; css=&#8221;.vc_custom_1527664816954{margin-bottom: 30px !important;}&#8221;]\n<h5><strong>V\u00e5r meny<\/strong><\/h5>\n[\/vc_column_text][divider line_type=&#8221;No Line&#8221; custom_height=&#8221;30&#8243;][vc_column_text css_animation=&#8221;fadeIn&#8221; css=&#8221;.vc_custom_1652345814048{margin-bottom: 30px !important;}&#8221;]<strong>Menyer inkl dryck 33cl<\/strong><br \/>\nSkrovm\u00e5l 2x45g 120:-<br \/>\nSkrovm\u00e5l 2x90g 140:-<br \/>\nSkrovm\u00e5l 2x150g 160:-<br \/>\nSkrovm\u00e5l 2x200g 170:-<br \/>\nPariserm\u00e5l 1x110g 140:-<br \/>\nSourcream &amp; Baconm\u00e5l 150:-<br \/>\nChiliburgerm\u00e5l 150:-<br \/>\nSuovasburgerm\u00e5l 175:-<br \/>\nTriple chilicheesem\u00e5l 175:-<\/p>\n<p>Barbeque m\u00e5l 165:-<\/p>\n<p>Grillbiff meny 140:-<\/p>\n<p>Ostm\u00e5l 1x45g 95:-<br \/>\nOstm\u00e5l 1x90g 130:-<br \/>\nOstm\u00e5l 1x150g 140:-<br \/>\nOstm\u00e5l 1x200g 150:-<\/p>\n<p><strong>Vegetariskt<\/strong><\/p>\n<p>Vegm\u00e5l 120:-<br \/>\nFalafel i pitabr\u00f6d 108:-<br \/>\nHalloumiburgare 98:-<br \/>\nHalloumim\u00e5l 140:-<br \/>\nNachotallrik\u00a0 150:-<\/p>\n<p><strong>Storlekar\u00a0<\/strong>\u00a0 \u00a0 \u00a0 45g 90g 150g 200g<br \/>\nHamburgare\u00a0 \u00a0 68:- 78:- 88:- 98:-<br \/>\nOstburgare\u00a0 \u00a0 \u00a0 \u00a075:- 85:- 95:- 105:-<br \/>\nBaconburgare\u00a0 \u00a0 \u00a0 \u00a0 \u00a0 90:- 100:- 110:-<br \/>\nOrientburgare\u00a0 \u00a0 \u00a0 \u00a0 \u00a088:- 98:- 108:-<br \/>\nVitl\u00f6ksburgare\u00a0 \u00a0 \u00a0 \u00a0 88:- 98:- 108:-<br \/>\nDubbelburgare 98:- 108:- 145:- 165:-<br \/>\nSpecialhammis\u00a0 \u00a0 \u00a0 \u00a0 \u00a0108:- 120:- 130:-<\/p>\n<p>Specialparisare 1x110g 120:-<br \/>\nParisare 1x110g 100:-<\/p>\n<p><strong>Kyckling &amp; fisk<\/strong><br \/>\nChicken nuggets 140:-<br \/>\nKycklingburgare 105:-<br \/>\nLaxburgare 105:-<\/p>\n<p><strong>\u00d6vrigt<\/strong><br \/>\nSuovastallrik 175:-<br \/>\nRenskav &amp; Mos 175:-<br \/>\nFajita 140:-<br \/>\nSchnitzel 160:-<br \/>\nPannbiff 160:-<br \/>\nBr\u00e4ckt skinka &amp; \u00e4gg 150:-<br \/>\nFalukorv &amp; \u00e4gg 150:-<br \/>\nK\u00f6ttbullar &amp; mos 130:-<br \/>\nKebabtallrik 140:-<br \/>\nNachotallrik 140:-<br \/>\nSteak &amp; bread 130:-<br \/>\nSuovaskebab 130:-<br \/>\nGrillkorv med br\u00f6d 45:-<br \/>\nSpecialare 75:-<\/p>\n<p><strong>Sallader<\/strong><br \/>\nKycklingsallad 130:-<br \/>\nSkink&amp;ost sallad 130:-<br \/>\nTonfisksallad 130:-<br \/>\nCaesarsallad 130:-<\/p>\n<p><strong>Rullar<\/strong><br \/>\nSuovasrulle 145:-<br \/>\nKycklingrulle 120:-<br \/>\nKebabrulle 125:-<br \/>\nTunnbr\u00f6dsrulle 120:-<br \/>\nSkinkrulle 120:-<\/p>\n<p><strong>Tillbeh\u00f6r<\/strong><br \/>\nS\u00f6tpotatis pommes 58:-<br \/>\nPommes\/Strips 49:-<br \/>\nMos 49:-<br \/>\nMozzarella sticks 3 st 44:-<br \/>\nChilicheese 3 st 44:-<br \/>\nL\u00f6kringar 3 st 44:-<\/p>\n<p>Mixl\u00e5da inkl dipp 65:-<br \/>\nR\u00e4ksallad 35:-<br \/>\nDippar 20:-<br \/>\nL\u00e4sk 33 cl 31:-<br \/>\nL\u00e4sk 50 cl 36:-<br \/>\nFestis 25:-<br \/>\nMj\u00f6lk 25:-<\/p>\n<p><strong>Barnmenyer<\/strong><br \/>\nOstburgare med pommes 69:-<br \/>\nK\u00f6ttbullar med mos, bruns\u00e5s 69:-<br \/>\nGrillkorv med pommes 69:-<br \/>\nChicken nuggets, pommes 69:-<br \/>\nPl\u00e4ttar med gr\u00e4dde &amp; sylt 69:-<br \/>\n\u201dKinder\u00e4gg &amp; dryck ing\u00e5r till alla barnm\u00e5l\u201d[\/vc_column_text][\/vc_column_inner][vc_column_inner column_padding=&#8221;no-extra-padding&#8221; column_padding_tablet=&#8221;inherit&#8221; column_padding_phone=&#8221;inherit&#8221; column_padding_position=&#8221;all&#8221; column_element_direction_desktop=&#8221;default&#8221; column_element_spacing=&#8221;default&#8221; desktop_text_alignment=&#8221;default&#8221; tablet_text_alignment=&#8221;default&#8221; phone_text_alignment=&#8221;default&#8221; background_color_opacity=&#8221;1&#8243; background_hover_color_opacity=&#8221;1&#8243; column_backdrop_filter=&#8221;none&#8221; column_shadow=&#8221;none&#8221; column_border_radius=&#8221;none&#8221; column_link_target=&#8221;_self&#8221; overflow=&#8221;visible&#8221; gradient_direction=&#8221;left_to_right&#8221; overlay_strength=&#8221;0.3&#8243; width=&#8221;1\/6&#8243; tablet_width_inherit=&#8221;default&#8221; animation_type=&#8221;default&#8221; bg_image_animation=&#8221;none&#8221; border_type=&#8221;simple&#8221; column_border_width=&#8221;none&#8221; column_border_style=&#8221;solid&#8221;][\/vc_column_inner][\/vc_row_inner][\/vc_column][\/vc_row]\n","protected":false},"excerpt":{"rendered":"<p>[vc_row type=&#8221;full_width_background&#8221; full_screen_row_position=&#8221;middle&#8221; column_margin=&#8221;default&#8221; column_direction=&#8221;default&#8221; column_direction_tablet=&#8221;default&#8221; column_direction_phone=&#8221;default&#8221; bg_image=&#8221;919&#8243; bg_position=&#8221;center center&#8221; background_image_loading=&#8221;default&#8221; bg_repeat=&#8221;no-repeat&#8221; scene_position=&#8221;center&#8221; top_padding=&#8221;4%&#8221; bottom_padding=&#8221;4%&#8221; text_color=&#8221;dark&#8221; text_align=&#8221;left&#8221; row_border_radius=&#8221;none&#8221; row_border_radius_applies=&#8221;bg&#8221; overflow=&#8221;visible&#8221; id=&#8221;dagenslunch&#8221; overlay_strength=&#8221;0.3&#8243; gradient_direction=&#8221;left_to_right&#8221; shape_divider_position=&#8221;bottom&#8221; bg_image_animation=&#8221;none&#8221; parallax_bg=&#8221;true&#8221; parallax_bg_speed=&#8221;medium&#8221; shape_type=&#8221;&#8221;][vc_column column_padding=&#8221;no-extra-padding&#8221; column_padding_tablet=&#8221;inherit&#8221;&#8230;<\/p>\n","protected":false},"author":1,"featured_media":0,"parent":0,"menu_order":0,"comment_status":"closed","ping_status":"closed","template":"","meta":{"footnotes":""},"class_list":["post-4","page","type-page","status-publish"],"_links":{"self":[{"href":"https:\/\/mfgrill.se\/index.php?rest_route=\/wp\/v2\/pages\/4","targetHints":{"allow":["GET"]}}],"collection":[{"href":"https:\/\/mfgrill.se\/index.php?rest_route=\/wp\/v2\/pages"}],"about":[{"href":"https:\/\/mfgrill.se\/index.php?rest_route=\/wp\/v2\/types\/page"}],"author":[{"embeddable":true,"href":"https:\/\/mfgrill.se\/index.php?rest_route=\/wp\/v2\/users\/1"}],"replies":[{"embeddable":true,"href":"https:\/\/mfgrill.se\/index.php?rest_route=%2Fwp%2Fv2%2Fcomments&post=4"}],"version-history":[{"count":433,"href":"https:\/\/mfgrill.se\/index.php?rest_route=\/wp\/v2\/pages\/4\/revisions"}],"predecessor-version":[{"id":3385,"href":"https:\/\/mfgrill.se\/index.php?rest_route=\/wp\/v2\/pages\/4\/revisions\/3385"}],"wp:attachment":[{"href":"https:\/\/mfgrill.se\/index.php?rest_route=%2Fwp%2Fv2%2Fmedia&parent=4"}],"curies":[{"name":"wp","href":"https:\/\/api.w.org\/{rel}","templated":true}]}}